{"id":320,"date":"2017-03-24T09:45:31","date_gmt":"2017-03-24T08:45:31","guid":{"rendered":"http:\/\/www.stineseele.de\/?page_id=320"},"modified":"2017-10-24T21:25:13","modified_gmt":"2017-10-24T19:25:13","slug":"elisabeth-selbert-haus","status":"publish","type":"page","link":"https:\/\/www.stineseele.de\/steuerberatung\/elisabeth-selbert-haus\/","title":{"rendered":"ELISABETH-SELBERT-HAUS"},"content":{"rendered":"<div id=\"su_slider_69d48e0c405d2\" class=\"su-slider su-slider-centered su-slider-pages-yes su-slider-responsive-yes\" style=\"width:100%\" data-autoplay=\"3000\" data-speed=\"600\" data-mousewheel=\"true\"><div class=\"su-slider-slides\"><div class=\"su-slider-slide\"><a><img data-recalc-dims=\"1\" height=\"300\" width=\"600\" decoding=\"async\" src=\"https:\/\/i0.wp.com\/www.stineseele.de\/wp-content\/uploads\/2017\/03\/20090811_89.jpg?resize=600%2C300&#038;ssl=1\" alt=\"Katze\" \/><span class=\"su-slider-slide-title\">Katze<\/span><\/a><\/div><div class=\"su-slider-slide\"><a><img data-recalc-dims=\"1\" height=\"300\" width=\"600\" decoding=\"async\" src=\"https:\/\/i0.wp.com\/www.stineseele.de\/wp-content\/uploads\/2017\/03\/20090811_87.jpg?resize=600%2C300&#038;ssl=1\" alt=\"Fensterseite\" \/><span class=\"su-slider-slide-title\">Fensterseite<\/span><\/a><\/div><div class=\"su-slider-slide\"><a><img data-recalc-dims=\"1\" height=\"300\" width=\"600\" decoding=\"async\" src=\"https:\/\/i0.wp.com\/www.stineseele.de\/wp-content\/uploads\/2017\/03\/20090811_86.jpg?resize=600%2C300&#038;ssl=1\" alt=\"Akt und Feuerblume\" \/><span class=\"su-slider-slide-title\">Akt und Feuerblume<\/span><\/a><\/div><div class=\"su-slider-slide\"><a><img data-recalc-dims=\"1\" height=\"300\" width=\"600\" decoding=\"async\" src=\"https:\/\/i0.wp.com\/www.stineseele.de\/wp-content\/uploads\/2017\/03\/20090811_84.jpg?resize=600%2C300&#038;ssl=1\" alt=\"Wand II\" \/><span class=\"su-slider-slide-title\">Wand II<\/span><\/a><\/div><\/div><div class=\"su-slider-nav\"><div class=\"su-slider-direction\"><span class=\"su-slider-prev\"><\/span><span class=\"su-slider-next\"><\/span><\/div><div class=\"su-slider-pagination\"><\/div><\/div><\/div>\n<p>Ausstellung im Elisabeth-Selbert-Haus in Ronnenberg im September und Oktober 2009<\/p>\n<p>Mehr Informationen zu Ausstellungen und Bildern unter<\/p>\n<p><a href=\"http:\/\/www.stines-galerie.de\">http:\/\/www.stines-galerie.de<\/a><\/p>\n","protected":false},"excerpt":{"rendered":"<p>Ausstellung im Elisabeth-Selbert-Haus in Ronnenberg im September und Oktober 2009 Mehr Informationen zu Ausstellungen und Bildern unter http:\/\/www.stines-galerie.de<\/p>\n","protected":false},"author":2,"featured_media":0,"parent":0,"menu_order":0,"comment_status":"closed","ping_status":"closed","template":"page-templates\/full-width.php","meta":{"jetpack_post_was_ever_published":false,"footnotes":""},"class_list":["post-320","page","type-page","status-publish","hentry"],"yoast_head":"<!-- This site is optimized with the Yoast SEO plugin v27.3 - https:\/\/yoast.com\/product\/yoast-seo-wordpress\/ -->\n<title>ELISABETH-SELBERT-HAUS - Stine Seele<\/title>\n<meta name=\"description\" content=\"Ausstellung im Elisabeth-Selbert-Haus in Ronnenberg im Sept.\/Okt. 2009\" \/>\n<meta name=\"robots\" content=\"index, follow, max-snippet:-1, max-image-preview:large, max-video-preview:-1\" \/>\n<link rel=\"canonical\" href=\"https:\/\/www.stineseele.de\/steuerberatung\/elisabeth-selbert-haus\/\" \/>\n<meta property=\"og:locale\" content=\"de_DE\" \/>\n<meta property=\"og:type\" content=\"article\" \/>\n<meta property=\"og:title\" content=\"ELISABETH-SELBERT-HAUS - Stine Seele\" \/>\n<meta property=\"og:description\" content=\"Ausstellung im Elisabeth-Selbert-Haus in Ronnenberg im Sept.\/Okt. 2009\" \/>\n<meta property=\"og:url\" content=\"https:\/\/www.stineseele.de\/steuerberatung\/elisabeth-selbert-haus\/\" \/>\n<meta property=\"og:site_name\" content=\"Stine Seele\" \/>\n<meta property=\"article:modified_time\" content=\"2017-10-24T19:25:13+00:00\" \/>\n<meta name=\"twitter:card\" content=\"summary_large_image\" \/>\n<meta name=\"twitter:site\" content=\"@stineseele\" \/>\n<script type=\"application\/ld+json\" class=\"yoast-schema-graph\">{\"@context\":\"https:\\\/\\\/schema.org\",\"@graph\":[{\"@type\":\"WebPage\",\"@id\":\"https:\\\/\\\/www.stineseele.de\\\/steuerberatung\\\/elisabeth-selbert-haus\\\/\",\"url\":\"https:\\\/\\\/www.stineseele.de\\\/steuerberatung\\\/elisabeth-selbert-haus\\\/\",\"name\":\"ELISABETH-SELBERT-HAUS - Stine Seele\",\"isPartOf\":{\"@id\":\"https:\\\/\\\/www.stineseele.de\\\/steuerberatung\\\/#website\"},\"datePublished\":\"2017-03-24T08:45:31+00:00\",\"dateModified\":\"2017-10-24T19:25:13+00:00\",\"description\":\"Ausstellung im Elisabeth-Selbert-Haus in Ronnenberg im Sept.\\\/Okt. 2009\",\"breadcrumb\":{\"@id\":\"https:\\\/\\\/www.stineseele.de\\\/steuerberatung\\\/elisabeth-selbert-haus\\\/#breadcrumb\"},\"inLanguage\":\"de\",\"potentialAction\":[{\"@type\":\"ReadAction\",\"target\":[\"https:\\\/\\\/www.stineseele.de\\\/steuerberatung\\\/elisabeth-selbert-haus\\\/\"]}]},{\"@type\":\"BreadcrumbList\",\"@id\":\"https:\\\/\\\/www.stineseele.de\\\/steuerberatung\\\/elisabeth-selbert-haus\\\/#breadcrumb\",\"itemListElement\":[{\"@type\":\"ListItem\",\"position\":1,\"name\":\"Startseite\",\"item\":\"https:\\\/\\\/www.stineseele.de\\\/steuerberatung\\\/\"},{\"@type\":\"ListItem\",\"position\":2,\"name\":\"ELISABETH-SELBERT-HAUS\"}]},{\"@type\":\"WebSite\",\"@id\":\"https:\\\/\\\/www.stineseele.de\\\/steuerberatung\\\/#website\",\"url\":\"https:\\\/\\\/www.stineseele.de\\\/steuerberatung\\\/\",\"name\":\"Stine Seele\",\"description\":\"Ich gestalte, also bin ich.\",\"publisher\":{\"@id\":\"https:\\\/\\\/www.stineseele.de\\\/steuerberatung\\\/#\\\/schema\\\/person\\\/df30d70fe16387b70c8f8462d28c6025\"},\"potentialAction\":[{\"@type\":\"SearchAction\",\"target\":{\"@type\":\"EntryPoint\",\"urlTemplate\":\"https:\\\/\\\/www.stineseele.de\\\/steuerberatung\\\/?s={search_term_string}\"},\"query-input\":{\"@type\":\"PropertyValueSpecification\",\"valueRequired\":true,\"valueName\":\"search_term_string\"}}],\"inLanguage\":\"de\"},{\"@type\":[\"Person\",\"Organization\"],\"@id\":\"https:\\\/\\\/www.stineseele.de\\\/steuerberatung\\\/#\\\/schema\\\/person\\\/df30d70fe16387b70c8f8462d28c6025\",\"name\":\"Stine Seele\",\"image\":{\"@type\":\"ImageObject\",\"inLanguage\":\"de\",\"@id\":\"https:\\\/\\\/www.stineseele.de\\\/wp-content\\\/uploads\\\/2016\\\/08\\\/Galvatarfoto-Kopie-4-902x1024.jpg\",\"url\":\"https:\\\/\\\/www.stineseele.de\\\/wp-content\\\/uploads\\\/2016\\\/08\\\/Galvatarfoto-Kopie-4-902x1024.jpg\",\"contentUrl\":\"https:\\\/\\\/www.stineseele.de\\\/wp-content\\\/uploads\\\/2016\\\/08\\\/Galvatarfoto-Kopie-4-902x1024.jpg\",\"width\":902,\"height\":1024,\"caption\":\"Stine Seele\"},\"logo\":{\"@id\":\"https:\\\/\\\/www.stineseele.de\\\/wp-content\\\/uploads\\\/2016\\\/08\\\/Galvatarfoto-Kopie-4-902x1024.jpg\"}}]}<\/script>\n<!-- \/ Yoast SEO plugin. -->","yoast_head_json":{"title":"ELISABETH-SELBERT-HAUS - Stine Seele","description":"Ausstellung im Elisabeth-Selbert-Haus in Ronnenberg im Sept.\/Okt. 2009","robots":{"index":"index","follow":"follow","max-snippet":"max-snippet:-1","max-image-preview":"max-image-preview:large","max-video-preview":"max-video-preview:-1"},"canonical":"https:\/\/www.stineseele.de\/steuerberatung\/elisabeth-selbert-haus\/","og_locale":"de_DE","og_type":"article","og_title":"ELISABETH-SELBERT-HAUS - Stine Seele","og_description":"Ausstellung im Elisabeth-Selbert-Haus in Ronnenberg im Sept.\/Okt. 2009","og_url":"https:\/\/www.stineseele.de\/steuerberatung\/elisabeth-selbert-haus\/","og_site_name":"Stine Seele","article_modified_time":"2017-10-24T19:25:13+00:00","twitter_card":"summary_large_image","twitter_site":"@stineseele","schema":{"@context":"https:\/\/schema.org","@graph":[{"@type":"WebPage","@id":"https:\/\/www.stineseele.de\/steuerberatung\/elisabeth-selbert-haus\/","url":"https:\/\/www.stineseele.de\/steuerberatung\/elisabeth-selbert-haus\/","name":"ELISABETH-SELBERT-HAUS - Stine Seele","isPartOf":{"@id":"https:\/\/www.stineseele.de\/steuerberatung\/#website"},"datePublished":"2017-03-24T08:45:31+00:00","dateModified":"2017-10-24T19:25:13+00:00","description":"Ausstellung im Elisabeth-Selbert-Haus in Ronnenberg im Sept.\/Okt. 2009","breadcrumb":{"@id":"https:\/\/www.stineseele.de\/steuerberatung\/elisabeth-selbert-haus\/#breadcrumb"},"inLanguage":"de","potentialAction":[{"@type":"ReadAction","target":["https:\/\/www.stineseele.de\/steuerberatung\/elisabeth-selbert-haus\/"]}]},{"@type":"BreadcrumbList","@id":"https:\/\/www.stineseele.de\/steuerberatung\/elisabeth-selbert-haus\/#breadcrumb","itemListElement":[{"@type":"ListItem","position":1,"name":"Startseite","item":"https:\/\/www.stineseele.de\/steuerberatung\/"},{"@type":"ListItem","position":2,"name":"ELISABETH-SELBERT-HAUS"}]},{"@type":"WebSite","@id":"https:\/\/www.stineseele.de\/steuerberatung\/#website","url":"https:\/\/www.stineseele.de\/steuerberatung\/","name":"Stine Seele","description":"Ich gestalte, also bin ich.","publisher":{"@id":"https:\/\/www.stineseele.de\/steuerberatung\/#\/schema\/person\/df30d70fe16387b70c8f8462d28c6025"},"potentialAction":[{"@type":"SearchAction","target":{"@type":"EntryPoint","urlTemplate":"https:\/\/www.stineseele.de\/steuerberatung\/?s={search_term_string}"},"query-input":{"@type":"PropertyValueSpecification","valueRequired":true,"valueName":"search_term_string"}}],"inLanguage":"de"},{"@type":["Person","Organization"],"@id":"https:\/\/www.stineseele.de\/steuerberatung\/#\/schema\/person\/df30d70fe16387b70c8f8462d28c6025","name":"Stine Seele","image":{"@type":"ImageObject","inLanguage":"de","@id":"https:\/\/www.stineseele.de\/wp-content\/uploads\/2016\/08\/Galvatarfoto-Kopie-4-902x1024.jpg","url":"https:\/\/www.stineseele.de\/wp-content\/uploads\/2016\/08\/Galvatarfoto-Kopie-4-902x1024.jpg","contentUrl":"https:\/\/www.stineseele.de\/wp-content\/uploads\/2016\/08\/Galvatarfoto-Kopie-4-902x1024.jpg","width":902,"height":1024,"caption":"Stine Seele"},"logo":{"@id":"https:\/\/www.stineseele.de\/wp-content\/uploads\/2016\/08\/Galvatarfoto-Kopie-4-902x1024.jpg"}}]}},"jetpack_sharing_enabled":true,"jetpack_shortlink":"https:\/\/wp.me\/P7LoCY-5a","jetpack-related-posts":[{"id":290,"url":"https:\/\/www.stineseele.de\/steuerberatung\/blog\/","url_meta":{"origin":320,"position":0},"title":"BLOG","author":"Stine Seele","date":"22. M\u00e4rz 2017","format":false,"excerpt":"HUSSE Neue Husse f\u00fcr die Bank: Endlich komme ich dazu, die neue Husse f\u00fcr den zweiten Teil der alten Eckbank zu zeigen. Mir hat das \"Mandala-H\u00e4keln\" sehr viel Spa\u00df bereitet. Die farbenfrohen Mandalas verleihen der Husse einen fr\u00f6hlichen \"Anstrich\" und wir erfreuen uns an der positiven Ausstrahlung der neuen Verkleidung.\u2026","rel":"","context":"\u00c4hnlicher Beitrag","block_context":{"text":"\u00c4hnlicher Beitrag","link":""},"img":{"alt_text":"Das Bild zeigt die Husse von vorne","src":"https:\/\/i0.wp.com\/www.stineseele.de\/wp-content\/uploads\/img_20190830_1623382041777492775380708-1024x810.jpg?resize=350%2C200","width":350,"height":200,"srcset":"https:\/\/i0.wp.com\/www.stineseele.de\/wp-content\/uploads\/img_20190830_1623382041777492775380708-1024x810.jpg?resize=350%2C200 1x, https:\/\/i0.wp.com\/www.stineseele.de\/wp-content\/uploads\/img_20190830_1623382041777492775380708-1024x810.jpg?resize=525%2C300 1.5x, https:\/\/i0.wp.com\/www.stineseele.de\/wp-content\/uploads\/img_20190830_1623382041777492775380708-1024x810.jpg?resize=700%2C400 2x"},"classes":[]},{"id":129,"url":"https:\/\/www.stineseele.de\/steuerberatung\/bistro-benthe\/","url_meta":{"origin":320,"position":1},"title":"BISTRO-BENTHE","author":"Stine Seele","date":"13. August 2016","format":false,"excerpt":"Ausstellung im \"Mein St\u00fcbchen\" - Bistro in Ronnenberg-Benthe im Juli und August 2015 Mehr Informationen zu Ausstellungen und Bildern unter http:\/\/www.stines-galerie.de \u00a0","rel":"","context":"\u00c4hnlicher Beitrag","block_context":{"text":"\u00c4hnlicher Beitrag","link":""},"img":{"alt_text":"","src":"","width":0,"height":0},"classes":[]},{"id":509,"url":"https:\/\/www.stineseele.de\/steuerberatung\/robert-koch-krankenhaus\/","url_meta":{"origin":320,"position":2},"title":"ROBERT-KOCH-KRANKENHAUS","author":"Stine Seele","date":"22. Oktober 2017","format":false,"excerpt":"Ausstellung im Robert-Koch-Krankenhaus in Gehrden im September und Oktober 2013 Mehr Informationen zu Ausstellungen und Bildern unter http:\/\/www.stines-galerie.de \u00a0","rel":"","context":"\u00c4hnlicher Beitrag","block_context":{"text":"\u00c4hnlicher Beitrag","link":""},"img":{"alt_text":"","src":"","width":0,"height":0},"classes":[]},{"id":789,"url":"https:\/\/www.stineseele.de\/steuerberatung\/granny-square-sofa\/","url_meta":{"origin":320,"position":3},"title":"GRANNY-SQUARE-SOFA","author":"Stine Seele","date":"8. Dezember 2017","format":false,"excerpt":"MEINE OMA GAB MIR IMMER DAS GEF\u00dcHL BEDINGUNGSLOS GELIEBT ZU WERDEN: VERMUTLICH IST DAS DER GRUND, WARUM ICH -\u00a0GENAU WIE SIE VOR VIELEN JAHRZEHNTEN - DAS H\u00c4KELN F\u00dcR MICH (WIEDER-)ENTDECKTE. DAS ANFERTIGEN DER EINZELNEN SQUARES MACHT S\u00dcCHTIG UND SO WURDEN ES IMMER MEHR,... HIER K\u00d6NNEN SIE DEN ENTSTEHUNGSPROZESS VERFOLGEN: DAS\u2026","rel":"","context":"\u00c4hnlicher Beitrag","block_context":{"text":"\u00c4hnlicher Beitrag","link":""},"img":{"alt_text":"Granny-Squares f\u00fcr die kurze Sofaseite","src":"https:\/\/i0.wp.com\/www.stineseele.de\/wp-content\/uploads\/2017\/12\/IMG_20170702_124521.jpg?resize=350%2C200","width":350,"height":200,"srcset":"https:\/\/i0.wp.com\/www.stineseele.de\/wp-content\/uploads\/2017\/12\/IMG_20170702_124521.jpg?resize=350%2C200 1x, https:\/\/i0.wp.com\/www.stineseele.de\/wp-content\/uploads\/2017\/12\/IMG_20170702_124521.jpg?resize=525%2C300 1.5x, https:\/\/i0.wp.com\/www.stineseele.de\/wp-content\/uploads\/2017\/12\/IMG_20170702_124521.jpg?resize=700%2C400 2x, https:\/\/i0.wp.com\/www.stineseele.de\/wp-content\/uploads\/2017\/12\/IMG_20170702_124521.jpg?resize=1050%2C600 3x, https:\/\/i0.wp.com\/www.stineseele.de\/wp-content\/uploads\/2017\/12\/IMG_20170702_124521.jpg?resize=1400%2C800 4x"},"classes":[]},{"id":77,"url":"https:\/\/www.stineseele.de\/steuerberatung\/impressum\/","url_meta":{"origin":320,"position":4},"title":"IMPRESSUM","author":"Stine Seele","date":"5. August 2016","format":false,"excerpt":"Alexandra Bruns Schacht-Albert-Ring 1 30952 Ronnenberg Kontakt: Telefon: 01 52 - 54 11 85 00 E-Mail: kontakt@stineseele.de Haftungsausschluss (Disclaimer) Haftung f\u00fcr Inhalte Als\u00a0Diensteanbieter sind wir gem\u00e4\u00df \u00a7 7 Abs.1 TMG f\u00fcr eigene Inhalte auf diesen Seiten nach\u00a0den allgemeinen Gesetzen verantwortlich. Nach \u00a7\u00a7 8 bis 10 TMG sind wir als Diensteanbieter\u2026","rel":"","context":"\u00c4hnlicher Beitrag","block_context":{"text":"\u00c4hnlicher Beitrag","link":""},"img":{"alt_text":"","src":"","width":0,"height":0},"classes":[]},{"id":257,"url":"https:\/\/www.stineseele.de\/steuerberatung\/deutsche-rentenversicherung\/","url_meta":{"origin":320,"position":5},"title":"DEUTSCHE RENTENVERSICHERUNGSANSTALT","author":"Stine Seele","date":"19. M\u00e4rz 2017","format":false,"excerpt":"Ausstellung in der Rentenversicherungsanstalt in Hannover-Laatzen im Januar und Februar 2010 Mehr Informationen zu Ausstellungen und Bildern finden Sie\u00a0hier. http:\/\/www.stines-galerie.de\/","rel":"","context":"\u00c4hnlicher Beitrag","block_context":{"text":"\u00c4hnlicher Beitrag","link":""},"img":{"alt_text":"","src":"","width":0,"height":0},"classes":[]}],"jetpack_likes_enabled":true,"_links":{"self":[{"href":"https:\/\/www.stineseele.de\/steuerberatung\/wp-json\/wp\/v2\/pages\/320","targetHints":{"allow":["GET"]}}],"collection":[{"href":"https:\/\/www.stineseele.de\/steuerberatung\/wp-json\/wp\/v2\/pages"}],"about":[{"href":"https:\/\/www.stineseele.de\/steuerberatung\/wp-json\/wp\/v2\/types\/page"}],"author":[{"embeddable":true,"href":"https:\/\/www.stineseele.de\/steuerberatung\/wp-json\/wp\/v2\/users\/2"}],"replies":[{"embeddable":true,"href":"https:\/\/www.stineseele.de\/steuerberatung\/wp-json\/wp\/v2\/comments?post=320"}],"version-history":[{"count":0,"href":"https:\/\/www.stineseele.de\/steuerberatung\/wp-json\/wp\/v2\/pages\/320\/revisions"}],"wp:attachment":[{"href":"https:\/\/www.stineseele.de\/steuerberatung\/wp-json\/wp\/v2\/media?parent=320"}],"curies":[{"name":"wp","href":"https:\/\/api.w.org\/{rel}","templated":true}]}}