{"id":519,"date":"2017-10-22T16:05:39","date_gmt":"2017-10-22T14:05:39","guid":{"rendered":"http:\/\/www.stineseele.de\/?page_id=519"},"modified":"2024-12-17T15:19:43","modified_gmt":"2024-12-17T14:19:43","slug":"ausstellungen","status":"publish","type":"page","link":"https:\/\/www.stineseele.de\/steuerberatung\/ausstellungen\/","title":{"rendered":"AUSSTELLUNGEN"},"content":{"rendered":"<p>SICHTBAR WERDEN &#8211; SICH DER WELT STELLEN &#8211; SEIN INNERSTES NACH AU\u00dfEN KEHREN &#8211; SICH ZEIGEN &#8211; KOMPROMISSLOS UND OHNE ANGST &#8211; EINFACH AUS SPA\u00df UND WEIL ES WUNDERVOLL IST, WENN FRAU RAUM EINNIMMT UND STELLUNG BEZIEHT.<\/p>\n<p>ES IST GANZ EINFACH. SCHAUEN SIE SELBST:<\/p>\n<div id='Services' class='widgets_on_page wop_tiny1  wop_small1  wop_medium1  wop_large1  wop_wide1'>\n\t\t\t<ul><!-- ERROR NO TURBO SIDEBAR FOUND WITH ID Services--><\/ul><\/div><!-- widgets_on_page -->\n","protected":false},"excerpt":{"rendered":"<p>SICHTBAR WERDEN &#8211; SICH DER WELT STELLEN &#8211; SEIN INNERSTES NACH AU\u00dfEN KEHREN &#8211; SICH ZEIGEN &#8211; KOMPROMISSLOS UND OHNE ANGST &#8211; EINFACH AUS SPA\u00df UND WEIL ES WUNDERVOLL IST, WENN FRAU RAUM EINNIMMT UND STELLUNG BEZIEHT. ES IST GANZ EINFACH. SCHAUEN SIE SELBST:<\/p>\n","protected":false},"author":2,"featured_media":0,"parent":0,"menu_order":0,"comment_status":"closed","ping_status":"closed","template":"","meta":{"jetpack_post_was_ever_published":false,"footnotes":""},"class_list":["post-519","page","type-page","status-publish","hentry"],"yoast_head":"<!-- This site is optimized with the Yoast SEO plugin v27.3 - https:\/\/yoast.com\/product\/yoast-seo-wordpress\/ -->\n<title>Ausstellungen - mach dich sichtbar durch Ausstellungen<\/title>\n<meta name=\"description\" content=\"Ausstellungen - Sichtbar werden - sich der Welt stellen - sein Innerstes nach Au\u00dfen kehren - sich zeigen - kompromisslos und ohne Angst - einfach aus Spass\" \/>\n<meta name=\"robots\" content=\"index, follow, max-snippet:-1, max-image-preview:large, max-video-preview:-1\" \/>\n<link rel=\"canonical\" href=\"https:\/\/www.stineseele.de\/steuerberatung\/ausstellungen\/\" \/>\n<meta property=\"og:locale\" content=\"de_DE\" \/>\n<meta property=\"og:type\" content=\"article\" \/>\n<meta property=\"og:title\" content=\"Ausstellungen - mach dich sichtbar durch Ausstellungen\" \/>\n<meta property=\"og:description\" content=\"Ausstellungen - Sichtbar werden - sich der Welt stellen - sein Innerstes nach Au\u00dfen kehren - sich zeigen - kompromisslos und ohne Angst - einfach aus Spass\" \/>\n<meta property=\"og:url\" content=\"https:\/\/www.stineseele.de\/steuerberatung\/ausstellungen\/\" \/>\n<meta property=\"og:site_name\" content=\"Stine Seele\" \/>\n<meta property=\"article:modified_time\" content=\"2024-12-17T14:19:43+00:00\" \/>\n<meta name=\"twitter:card\" content=\"summary_large_image\" \/>\n<meta name=\"twitter:site\" content=\"@stineseele\" \/>\n<meta name=\"twitter:label1\" content=\"Gesch\u00e4tzte Lesezeit\" \/>\n\t<meta name=\"twitter:data1\" content=\"1\u00a0Minute\" \/>\n<script type=\"application\/ld+json\" class=\"yoast-schema-graph\">{\"@context\":\"https:\\\/\\\/schema.org\",\"@graph\":[{\"@type\":\"WebPage\",\"@id\":\"https:\\\/\\\/www.stineseele.de\\\/steuerberatung\\\/ausstellungen\\\/\",\"url\":\"https:\\\/\\\/www.stineseele.de\\\/steuerberatung\\\/ausstellungen\\\/\",\"name\":\"Ausstellungen - mach dich sichtbar durch Ausstellungen\",\"isPartOf\":{\"@id\":\"https:\\\/\\\/www.stineseele.de\\\/steuerberatung\\\/#website\"},\"datePublished\":\"2017-10-22T14:05:39+00:00\",\"dateModified\":\"2024-12-17T14:19:43+00:00\",\"description\":\"Ausstellungen - Sichtbar werden - sich der Welt stellen - sein Innerstes nach Au\u00dfen kehren - sich zeigen - kompromisslos und ohne Angst - einfach aus Spass\",\"breadcrumb\":{\"@id\":\"https:\\\/\\\/www.stineseele.de\\\/steuerberatung\\\/ausstellungen\\\/#breadcrumb\"},\"inLanguage\":\"de\",\"potentialAction\":[{\"@type\":\"ReadAction\",\"target\":[\"https:\\\/\\\/www.stineseele.de\\\/steuerberatung\\\/ausstellungen\\\/\"]}]},{\"@type\":\"BreadcrumbList\",\"@id\":\"https:\\\/\\\/www.stineseele.de\\\/steuerberatung\\\/ausstellungen\\\/#breadcrumb\",\"itemListElement\":[{\"@type\":\"ListItem\",\"position\":1,\"name\":\"Startseite\",\"item\":\"https:\\\/\\\/www.stineseele.de\\\/steuerberatung\\\/\"},{\"@type\":\"ListItem\",\"position\":2,\"name\":\"AUSSTELLUNGEN\"}]},{\"@type\":\"WebSite\",\"@id\":\"https:\\\/\\\/www.stineseele.de\\\/steuerberatung\\\/#website\",\"url\":\"https:\\\/\\\/www.stineseele.de\\\/steuerberatung\\\/\",\"name\":\"Stine Seele\",\"description\":\"Ich gestalte, also bin ich.\",\"publisher\":{\"@id\":\"https:\\\/\\\/www.stineseele.de\\\/steuerberatung\\\/#\\\/schema\\\/person\\\/df30d70fe16387b70c8f8462d28c6025\"},\"potentialAction\":[{\"@type\":\"SearchAction\",\"target\":{\"@type\":\"EntryPoint\",\"urlTemplate\":\"https:\\\/\\\/www.stineseele.de\\\/steuerberatung\\\/?s={search_term_string}\"},\"query-input\":{\"@type\":\"PropertyValueSpecification\",\"valueRequired\":true,\"valueName\":\"search_term_string\"}}],\"inLanguage\":\"de\"},{\"@type\":[\"Person\",\"Organization\"],\"@id\":\"https:\\\/\\\/www.stineseele.de\\\/steuerberatung\\\/#\\\/schema\\\/person\\\/df30d70fe16387b70c8f8462d28c6025\",\"name\":\"Stine Seele\",\"image\":{\"@type\":\"ImageObject\",\"inLanguage\":\"de\",\"@id\":\"https:\\\/\\\/www.stineseele.de\\\/wp-content\\\/uploads\\\/2016\\\/08\\\/Galvatarfoto-Kopie-4-902x1024.jpg\",\"url\":\"https:\\\/\\\/www.stineseele.de\\\/wp-content\\\/uploads\\\/2016\\\/08\\\/Galvatarfoto-Kopie-4-902x1024.jpg\",\"contentUrl\":\"https:\\\/\\\/www.stineseele.de\\\/wp-content\\\/uploads\\\/2016\\\/08\\\/Galvatarfoto-Kopie-4-902x1024.jpg\",\"width\":902,\"height\":1024,\"caption\":\"Stine Seele\"},\"logo\":{\"@id\":\"https:\\\/\\\/www.stineseele.de\\\/wp-content\\\/uploads\\\/2016\\\/08\\\/Galvatarfoto-Kopie-4-902x1024.jpg\"}}]}<\/script>\n<!-- \/ Yoast SEO plugin. -->","yoast_head_json":{"title":"Ausstellungen - mach dich sichtbar durch Ausstellungen","description":"Ausstellungen - Sichtbar werden - sich der Welt stellen - sein Innerstes nach Au\u00dfen kehren - sich zeigen - kompromisslos und ohne Angst - einfach aus Spass","robots":{"index":"index","follow":"follow","max-snippet":"max-snippet:-1","max-image-preview":"max-image-preview:large","max-video-preview":"max-video-preview:-1"},"canonical":"https:\/\/www.stineseele.de\/steuerberatung\/ausstellungen\/","og_locale":"de_DE","og_type":"article","og_title":"Ausstellungen - mach dich sichtbar durch Ausstellungen","og_description":"Ausstellungen - Sichtbar werden - sich der Welt stellen - sein Innerstes nach Au\u00dfen kehren - sich zeigen - kompromisslos und ohne Angst - einfach aus Spass","og_url":"https:\/\/www.stineseele.de\/steuerberatung\/ausstellungen\/","og_site_name":"Stine Seele","article_modified_time":"2024-12-17T14:19:43+00:00","twitter_card":"summary_large_image","twitter_site":"@stineseele","twitter_misc":{"Gesch\u00e4tzte Lesezeit":"1\u00a0Minute"},"schema":{"@context":"https:\/\/schema.org","@graph":[{"@type":"WebPage","@id":"https:\/\/www.stineseele.de\/steuerberatung\/ausstellungen\/","url":"https:\/\/www.stineseele.de\/steuerberatung\/ausstellungen\/","name":"Ausstellungen - mach dich sichtbar durch Ausstellungen","isPartOf":{"@id":"https:\/\/www.stineseele.de\/steuerberatung\/#website"},"datePublished":"2017-10-22T14:05:39+00:00","dateModified":"2024-12-17T14:19:43+00:00","description":"Ausstellungen - Sichtbar werden - sich der Welt stellen - sein Innerstes nach Au\u00dfen kehren - sich zeigen - kompromisslos und ohne Angst - einfach aus Spass","breadcrumb":{"@id":"https:\/\/www.stineseele.de\/steuerberatung\/ausstellungen\/#breadcrumb"},"inLanguage":"de","potentialAction":[{"@type":"ReadAction","target":["https:\/\/www.stineseele.de\/steuerberatung\/ausstellungen\/"]}]},{"@type":"BreadcrumbList","@id":"https:\/\/www.stineseele.de\/steuerberatung\/ausstellungen\/#breadcrumb","itemListElement":[{"@type":"ListItem","position":1,"name":"Startseite","item":"https:\/\/www.stineseele.de\/steuerberatung\/"},{"@type":"ListItem","position":2,"name":"AUSSTELLUNGEN"}]},{"@type":"WebSite","@id":"https:\/\/www.stineseele.de\/steuerberatung\/#website","url":"https:\/\/www.stineseele.de\/steuerberatung\/","name":"Stine Seele","description":"Ich gestalte, also bin ich.","publisher":{"@id":"https:\/\/www.stineseele.de\/steuerberatung\/#\/schema\/person\/df30d70fe16387b70c8f8462d28c6025"},"potentialAction":[{"@type":"SearchAction","target":{"@type":"EntryPoint","urlTemplate":"https:\/\/www.stineseele.de\/steuerberatung\/?s={search_term_string}"},"query-input":{"@type":"PropertyValueSpecification","valueRequired":true,"valueName":"search_term_string"}}],"inLanguage":"de"},{"@type":["Person","Organization"],"@id":"https:\/\/www.stineseele.de\/steuerberatung\/#\/schema\/person\/df30d70fe16387b70c8f8462d28c6025","name":"Stine Seele","image":{"@type":"ImageObject","inLanguage":"de","@id":"https:\/\/www.stineseele.de\/wp-content\/uploads\/2016\/08\/Galvatarfoto-Kopie-4-902x1024.jpg","url":"https:\/\/www.stineseele.de\/wp-content\/uploads\/2016\/08\/Galvatarfoto-Kopie-4-902x1024.jpg","contentUrl":"https:\/\/www.stineseele.de\/wp-content\/uploads\/2016\/08\/Galvatarfoto-Kopie-4-902x1024.jpg","width":902,"height":1024,"caption":"Stine Seele"},"logo":{"@id":"https:\/\/www.stineseele.de\/wp-content\/uploads\/2016\/08\/Galvatarfoto-Kopie-4-902x1024.jpg"}}]}},"jetpack_sharing_enabled":true,"jetpack_shortlink":"https:\/\/wp.me\/P7LoCY-8n","jetpack-related-posts":[{"id":789,"url":"https:\/\/www.stineseele.de\/steuerberatung\/granny-square-sofa\/","url_meta":{"origin":519,"position":0},"title":"GRANNY-SQUARE-SOFA","author":"Stine Seele","date":"8. Dezember 2017","format":false,"excerpt":"MEINE OMA GAB MIR IMMER DAS GEF\u00dcHL BEDINGUNGSLOS GELIEBT ZU WERDEN: VERMUTLICH IST DAS DER GRUND, WARUM ICH -\u00a0GENAU WIE SIE VOR VIELEN JAHRZEHNTEN - DAS H\u00c4KELN F\u00dcR MICH (WIEDER-)ENTDECKTE. DAS ANFERTIGEN DER EINZELNEN SQUARES MACHT S\u00dcCHTIG UND SO WURDEN ES IMMER MEHR,... HIER K\u00d6NNEN SIE DEN ENTSTEHUNGSPROZESS VERFOLGEN: DAS\u2026","rel":"","context":"\u00c4hnlicher Beitrag","block_context":{"text":"\u00c4hnlicher Beitrag","link":""},"img":{"alt_text":"Granny-Squares f\u00fcr die kurze Sofaseite","src":"https:\/\/i0.wp.com\/www.stineseele.de\/wp-content\/uploads\/2017\/12\/IMG_20170702_124521.jpg?resize=350%2C200","width":350,"height":200,"srcset":"https:\/\/i0.wp.com\/www.stineseele.de\/wp-content\/uploads\/2017\/12\/IMG_20170702_124521.jpg?resize=350%2C200 1x, https:\/\/i0.wp.com\/www.stineseele.de\/wp-content\/uploads\/2017\/12\/IMG_20170702_124521.jpg?resize=525%2C300 1.5x, https:\/\/i0.wp.com\/www.stineseele.de\/wp-content\/uploads\/2017\/12\/IMG_20170702_124521.jpg?resize=700%2C400 2x, https:\/\/i0.wp.com\/www.stineseele.de\/wp-content\/uploads\/2017\/12\/IMG_20170702_124521.jpg?resize=1050%2C600 3x, https:\/\/i0.wp.com\/www.stineseele.de\/wp-content\/uploads\/2017\/12\/IMG_20170702_124521.jpg?resize=1400%2C800 4x"},"classes":[]},{"id":290,"url":"https:\/\/www.stineseele.de\/steuerberatung\/blog\/","url_meta":{"origin":519,"position":1},"title":"BLOG","author":"Stine Seele","date":"22. M\u00e4rz 2017","format":false,"excerpt":"HUSSE Neue Husse f\u00fcr die Bank: Endlich komme ich dazu, die neue Husse f\u00fcr den zweiten Teil der alten Eckbank zu zeigen. Mir hat das \"Mandala-H\u00e4keln\" sehr viel Spa\u00df bereitet. Die farbenfrohen Mandalas verleihen der Husse einen fr\u00f6hlichen \"Anstrich\" und wir erfreuen uns an der positiven Ausstrahlung der neuen Verkleidung.\u2026","rel":"","context":"\u00c4hnlicher Beitrag","block_context":{"text":"\u00c4hnlicher Beitrag","link":""},"img":{"alt_text":"Das Bild zeigt die Husse von vorne","src":"https:\/\/i0.wp.com\/www.stineseele.de\/wp-content\/uploads\/img_20190830_1623382041777492775380708-1024x810.jpg?resize=350%2C200","width":350,"height":200,"srcset":"https:\/\/i0.wp.com\/www.stineseele.de\/wp-content\/uploads\/img_20190830_1623382041777492775380708-1024x810.jpg?resize=350%2C200 1x, https:\/\/i0.wp.com\/www.stineseele.de\/wp-content\/uploads\/img_20190830_1623382041777492775380708-1024x810.jpg?resize=525%2C300 1.5x, https:\/\/i0.wp.com\/www.stineseele.de\/wp-content\/uploads\/img_20190830_1623382041777492775380708-1024x810.jpg?resize=700%2C400 2x"},"classes":[]},{"id":77,"url":"https:\/\/www.stineseele.de\/steuerberatung\/impressum\/","url_meta":{"origin":519,"position":2},"title":"IMPRESSUM","author":"Stine Seele","date":"5. August 2016","format":false,"excerpt":"Alexandra Bruns Schacht-Albert-Ring 1 30952 Ronnenberg Kontakt: Telefon: 01 52 - 54 11 85 00 E-Mail: kontakt@stineseele.de Haftungsausschluss (Disclaimer) Haftung f\u00fcr Inhalte Als\u00a0Diensteanbieter sind wir gem\u00e4\u00df \u00a7 7 Abs.1 TMG f\u00fcr eigene Inhalte auf diesen Seiten nach\u00a0den allgemeinen Gesetzen verantwortlich. Nach \u00a7\u00a7 8 bis 10 TMG sind wir als Diensteanbieter\u2026","rel":"","context":"\u00c4hnlicher Beitrag","block_context":{"text":"\u00c4hnlicher Beitrag","link":""},"img":{"alt_text":"","src":"","width":0,"height":0},"classes":[]},{"id":1110,"url":"https:\/\/www.stineseele.de\/steuerberatung\/datenschutzerklaerung\/","url_meta":{"origin":519,"position":3},"title":"DATENSCHUTZERKL\u00c4RUNG","author":"Stine Seele","date":"9. August 2019","format":false,"excerpt":"Datenschutzerkl\u00e4rung 1. Datenschutz auf einen Blick Allgemeine Hinweise Die folgenden Hinweise geben einen einfachen \u00dcberblick dar\u00fcber, was mit Ihren personenbezogenen Daten passiert, wenn Sie unsere Website besuchen. Personenbezogene Daten sind alle Daten, mit denen Sie pers\u00f6nlich identifiziert werden k\u00f6nnen. Ausf\u00fchrliche Informationen zum Thema Datenschutz entnehmen Sie unserer unter diesem Text\u2026","rel":"","context":"\u00c4hnlicher Beitrag","block_context":{"text":"\u00c4hnlicher Beitrag","link":""},"img":{"alt_text":"","src":"","width":0,"height":0},"classes":[]},{"id":165,"url":"https:\/\/www.stineseele.de\/steuerberatung\/stine-seele\/","url_meta":{"origin":519,"position":4},"title":"Stine Seele","author":"Stine Seele","date":"13. August 2016","format":false,"excerpt":"Stine Seele - Ich gestalte, also bin ich. Schauen Sie selbst: auf meinen diversen Seiten k\u00f6nnen Sie verfolgen, wie ich meine Kreativit\u00e4t auslebe - einfach auf den rechten Teil des Sliders dr\u00fccken und schon kann\u00b4s losgehen!","rel":"","context":"\u00c4hnlicher Beitrag","block_context":{"text":"\u00c4hnlicher Beitrag","link":""},"img":{"alt_text":"","src":"","width":0,"height":0},"classes":[]},{"id":477,"url":"https:\/\/www.stineseele.de\/steuerberatung\/cafe-am-suedtor\/","url_meta":{"origin":519,"position":5},"title":"CAF\u00c9 AM S\u00dcDTOR II","author":"Stine Seele","date":"22. Oktober 2017","format":false,"excerpt":"Ausstellung im \"Caf\u00e9 am S\u00fcdtor\" - in Laatzen-Grastorf von August bis Dezember 2017 Das urige Fachwerkhaus-Caf\u00e9 ist samstags und sonntags von 14:00 - 18:00 ge\u00f6ffnet. Mehr Informationen zu Ausstellungen und Bildern unter http:\/\/www.stines-galerie.de \u00a0","rel":"","context":"\u00c4hnlicher Beitrag","block_context":{"text":"\u00c4hnlicher Beitrag","link":""},"img":{"alt_text":"","src":"","width":0,"height":0},"classes":[]}],"jetpack_likes_enabled":true,"_links":{"self":[{"href":"https:\/\/www.stineseele.de\/steuerberatung\/wp-json\/wp\/v2\/pages\/519","targetHints":{"allow":["GET"]}}],"collection":[{"href":"https:\/\/www.stineseele.de\/steuerberatung\/wp-json\/wp\/v2\/pages"}],"about":[{"href":"https:\/\/www.stineseele.de\/steuerberatung\/wp-json\/wp\/v2\/types\/page"}],"author":[{"embeddable":true,"href":"https:\/\/www.stineseele.de\/steuerberatung\/wp-json\/wp\/v2\/users\/2"}],"replies":[{"embeddable":true,"href":"https:\/\/www.stineseele.de\/steuerberatung\/wp-json\/wp\/v2\/comments?post=519"}],"version-history":[{"count":1,"href":"https:\/\/www.stineseele.de\/steuerberatung\/wp-json\/wp\/v2\/pages\/519\/revisions"}],"predecessor-version":[{"id":1016,"href":"https:\/\/www.stineseele.de\/steuerberatung\/wp-json\/wp\/v2\/pages\/519\/revisions\/1016"}],"wp:attachment":[{"href":"https:\/\/www.stineseele.de\/steuerberatung\/wp-json\/wp\/v2\/media?parent=519"}],"curies":[{"name":"wp","href":"https:\/\/api.w.org\/{rel}","templated":true}]}}